{"id":49,"date":"2023-06-17T19:29:38","date_gmt":"2023-06-17T17:29:38","guid":{"rendered":"https:\/\/2023.bgorijentiring.org\/?page_id=49"},"modified":"2026-03-20T22:20:48","modified_gmt":"2026-03-20T21:20:48","slug":"ostala-takmicenja","status":"publish","type":"page","link":"https:\/\/bgorijentiring.org\/index.php\/takmicenja\/ostala-takmicenja\/","title":{"rendered":"Ostala takmi\u010denja \/ Other competitions"},"content":{"rendered":"\n<div class=\"wp-block-file\"><a id=\"wp-block-file--media-52f85d7c-85d3-46d6-a8f1-7c3057715ea5\" href=\"https:\/\/bgorijentiring.org\/wp-content\/uploads\/2026\/03\/Gradsko-skolsko-2026-Poziv-konacna-verzija.pdf\">Gradsko \u0161kolsko 2026 &#8211; Poziv<\/a><a href=\"https:\/\/bgorijentiring.org\/wp-content\/uploads\/2026\/03\/Gradsko-skolsko-2026-Poziv-konacna-verzija.pdf\" class=\"wp-block-file__button wp-element-button\" download aria-describedby=\"wp-block-file--media-52f85d7c-85d3-46d6-a8f1-7c3057715ea5\">Download<\/a><\/div>\n\n\n\n<div class=\"wp-block-file\"><a id=\"wp-block-file--media-430cc824-f124-48e7-b14f-f80cfde49acf\" href=\"https:\/\/bgorijentiring.org\/wp-content\/uploads\/2026\/03\/\u0413\u0440\u0430\u0434\u0441\u043a\u043e-\u0448\u043a\u043e\u043b\u0441\u043a\u043e-\u0442\u0430\u043a\u043c\u0438\u0447\u0435\u045a\u0435-\u043f\u0440\u043e\u0446\u0435\u0434\u0443\u0440\u0430.pdf\">Gradsko \u0161kolsko takmi\u010denje &#8211; procedura<\/a><a href=\"https:\/\/bgorijentiring.org\/wp-content\/uploads\/2026\/03\/\u0413\u0440\u0430\u0434\u0441\u043a\u043e-\u0448\u043a\u043e\u043b\u0441\u043a\u043e-\u0442\u0430\u043a\u043c\u0438\u0447\u0435\u045a\u0435-\u043f\u0440\u043e\u0446\u0435\u0434\u0443\u0440\u0430.pdf\" class=\"wp-block-file__button wp-element-button\" download aria-describedby=\"wp-block-file--media-430cc824-f124-48e7-b14f-f80cfde49acf\">Download<\/a><\/div>\n\n\n\n<div class=\"wp-block-file\"><a id=\"wp-block-file--media-9c2fd03b-5c16-45a1-9a80-cd1cf4b6aa3a\" href=\"https:\/\/bgorijentiring.org\/wp-content\/uploads\/2026\/03\/Saglasnost-roditelja.pdf\">Saglasnost roditelja za fotografisanje<\/a><a href=\"https:\/\/bgorijentiring.org\/wp-content\/uploads\/2026\/03\/Saglasnost-roditelja.pdf\" class=\"wp-block-file__button wp-element-button\" download aria-describedby=\"wp-block-file--media-9c2fd03b-5c16-45a1-9a80-cd1cf4b6aa3a\">Download<\/a><\/div>\n\n\n\n<div class=\"wp-block-file\"><a id=\"wp-block-file--media-38855a79-6da0-4b5e-a2f8-ba43e69d82e7\" href=\"https:\/\/bgorijentiring.org\/wp-content\/uploads\/2026\/03\/GRADSKO-SKOLSKO-TAKMICENJE-U-ORIJENTIRINGU-prijava-osnovna-skola-MOS-12.docx\">G\u0160T u orijentiringu 2026 &#8211; prijava Osnovna \u0161kola &#8211; MO\u0160-12<\/a><a href=\"https:\/\/bgorijentiring.org\/wp-content\/uploads\/2026\/03\/GRADSKO-SKOLSKO-TAKMICENJE-U-ORIJENTIRINGU-prijava-osnovna-skola-MOS-12.docx\" class=\"wp-block-file__button wp-element-button\" download aria-describedby=\"wp-block-file--media-38855a79-6da0-4b5e-a2f8-ba43e69d82e7\">Download<\/a><\/div>\n\n\n\n<div class=\"wp-block-file\"><a id=\"wp-block-file--media-e9a55b00-05a2-4f8d-bb67-90c3eb681d9d\" href=\"https:\/\/bgorijentiring.org\/wp-content\/uploads\/2026\/03\/GRADSKO-SKOLSKO-TAKMICENJE-U-ORIJENTIRINGU-prijava-osnovna-skola-MOS-14.docx\">G\u0160T u orijentiringu 2026 &#8211; prijava Osnovna \u0161kola &#8211; MO\u0160-14<\/a><a href=\"https:\/\/bgorijentiring.org\/wp-content\/uploads\/2026\/03\/GRADSKO-SKOLSKO-TAKMICENJE-U-ORIJENTIRINGU-prijava-osnovna-skola-MOS-14.docx\" class=\"wp-block-file__button wp-element-button\" download aria-describedby=\"wp-block-file--media-e9a55b00-05a2-4f8d-bb67-90c3eb681d9d\">Download<\/a><\/div>\n\n\n\n<div class=\"wp-block-file\"><a id=\"wp-block-file--media-65e5cadd-3d1f-4a2f-be76-e48b63b07349\" href=\"https:\/\/bgorijentiring.org\/wp-content\/uploads\/2026\/03\/GRADSKO-SKOLSKO-TAKMICENJE-U-ORIJENTIRINGU-prijava-osnovna-skola-ZOS-12.docx\">G\u0160T u orijentiringu 2026 &#8211; prijava Osnovna \u0161kola &#8211; \u017dO\u0160-12<\/a><a href=\"https:\/\/bgorijentiring.org\/wp-content\/uploads\/2026\/03\/GRADSKO-SKOLSKO-TAKMICENJE-U-ORIJENTIRINGU-prijava-osnovna-skola-ZOS-12.docx\" class=\"wp-block-file__button wp-element-button\" download aria-describedby=\"wp-block-file--media-65e5cadd-3d1f-4a2f-be76-e48b63b07349\">Download<\/a><\/div>\n\n\n\n<div class=\"wp-block-file\"><a id=\"wp-block-file--media-0b0825ff-a32d-4799-8f12-056705594448\" href=\"https:\/\/bgorijentiring.org\/wp-content\/uploads\/2026\/03\/GRADSKO-SKOLSKO-TAKMICENJE-U-ORIJENTIRINGU-prijava-osnovna-skola-ZOS-14.docx\">G\u0160T u orijentiringu 2026 &#8211; prijava Osnovna \u0161kola &#8211; \u017dO\u0160-14<\/a><a href=\"https:\/\/bgorijentiring.org\/wp-content\/uploads\/2026\/03\/GRADSKO-SKOLSKO-TAKMICENJE-U-ORIJENTIRINGU-prijava-osnovna-skola-ZOS-14.docx\" class=\"wp-block-file__button wp-element-button\" download aria-describedby=\"wp-block-file--media-0b0825ff-a32d-4799-8f12-056705594448\">Download<\/a><\/div>\n\n\n\n<div class=\"wp-block-file\"><a id=\"wp-block-file--media-76d799f3-62dc-4596-a6ff-50be936f1400\" href=\"https:\/\/bgorijentiring.org\/wp-content\/uploads\/2026\/03\/GRADSKO-SKOLSKO-TAKMICENJE-U-ORIJENTIRINGU-prijava-srednja-skola-MSS-16.docx\">G\u0160T u orijentiringu 2026 &#8211; prijava Srednja \u0161kola &#8211; MS\u0160-16<\/a><a href=\"https:\/\/bgorijentiring.org\/wp-content\/uploads\/2026\/03\/GRADSKO-SKOLSKO-TAKMICENJE-U-ORIJENTIRINGU-prijava-srednja-skola-MSS-16.docx\" class=\"wp-block-file__button wp-element-button\" download aria-describedby=\"wp-block-file--media-76d799f3-62dc-4596-a6ff-50be936f1400\">Download<\/a><\/div>\n\n\n\n<div class=\"wp-block-file\"><a id=\"wp-block-file--media-49cb45e5-887a-461c-ac2a-0f99166f92b0\" href=\"https:\/\/bgorijentiring.org\/wp-content\/uploads\/2026\/03\/GRADSKO-SKOLSKO-TAKMICENJE-U-ORIJENTIRINGU-prijava-srednja-skola-ZSS-16.docx\">G\u0160T u orijentiringu 2026 &#8211; prijava Srednja \u0161kola &#8211; \u017dS\u0160-16<\/a><a href=\"https:\/\/bgorijentiring.org\/wp-content\/uploads\/2026\/03\/GRADSKO-SKOLSKO-TAKMICENJE-U-ORIJENTIRINGU-prijava-srednja-skola-ZSS-16.docx\" class=\"wp-block-file__button wp-element-button\" download aria-describedby=\"wp-block-file--media-49cb45e5-887a-461c-ac2a-0f99166f92b0\">Download<\/a><\/div>\n\n\n\n<p><\/p>\n","protected":false},"excerpt":{"rendered":"","protected":false},"author":1,"featured_media":0,"parent":28,"menu_order":6,"comment_status":"closed","ping_status":"closed","template":"","meta":{"footnotes":""},"class_list":["post-49","page","type-page","status-publish","hentry"],"_links":{"self":[{"href":"https:\/\/bgorijentiring.org\/index.php\/wp-json\/wp\/v2\/pages\/49","targetHints":{"allow":["GET"]}}],"collection":[{"href":"https:\/\/bgorijentiring.org\/index.php\/wp-json\/wp\/v2\/pages"}],"about":[{"href":"https:\/\/bgorijentiring.org\/index.php\/wp-json\/wp\/v2\/types\/page"}],"author":[{"embeddable":true,"href":"https:\/\/bgorijentiring.org\/index.php\/wp-json\/wp\/v2\/users\/1"}],"replies":[{"embeddable":true,"href":"https:\/\/bgorijentiring.org\/index.php\/wp-json\/wp\/v2\/comments?post=49"}],"version-history":[{"count":13,"href":"https:\/\/bgorijentiring.org\/index.php\/wp-json\/wp\/v2\/pages\/49\/revisions"}],"predecessor-version":[{"id":1329,"href":"https:\/\/bgorijentiring.org\/index.php\/wp-json\/wp\/v2\/pages\/49\/revisions\/1329"}],"up":[{"embeddable":true,"href":"https:\/\/bgorijentiring.org\/index.php\/wp-json\/wp\/v2\/pages\/28"}],"wp:attachment":[{"href":"https:\/\/bgorijentiring.org\/index.php\/wp-json\/wp\/v2\/media?parent=49"}],"curies":[{"name":"wp","href":"https:\/\/api.w.org\/{rel}","templated":true}]}}